
{"id":204,"date":"2022-05-20T18:53:32","date_gmt":"2022-05-20T17:53:32","guid":{"rendered":"http:\/\/wereldwind.nl\/?page_id=204"},"modified":"2022-06-01T11:02:14","modified_gmt":"2022-06-01T10:02:14","slug":"muziekblokken","status":"publish","type":"page","link":"http:\/\/wereldwind.nl\/?page_id=204","title":{"rendered":"Dagelijks muziek programma"},"content":{"rendered":"\n<h2 class=\"wp-block-heading\">Niet-westerse wereldmuziek van oost naar west<\/h2>\n\n\n\n<figure class=\"wp-block-table\"><table><tbody><tr><td>5:00<\/td><td>Siberie, Noord-Pacific<\/td><td><\/td><td><\/td><\/tr><tr><td>6:00<\/td><td>China<\/td><td><\/td><td><\/td><\/tr><tr><td>7:00<\/td><td>Zuidoost Azie: Vietnam, Laos, Cambodja, Indonesie<\/td><td><\/td><td><\/td><\/tr><tr><td>8:00<\/td><td>Mianmar, Mongolie, &#8230;<\/td><td><\/td><td><\/td><\/tr><tr><td>9:00<\/td><td>Rusland, Belarus, Kazachstan, Donbass<\/td><td><\/td><td><\/td><\/tr><tr><td>10:00<\/td><td>Palestina<\/td><td><\/td><td><\/td><\/tr><tr><td>11:00<\/td><td>Middenoosten: Irak, Syrie, Libanon,<\/td><td><\/td><td><\/td><\/tr><tr><td>12:00<\/td><td>Noord Afrika: Egypte, Libie, Tunesie, Algerije, Marokko<\/td><td><\/td><td><\/td><\/tr><tr><td>13:00<\/td><td>Oost-Sahel:  Somali\u00eb, Ethiopi\u00eb, Eritrea, Soedan,<\/td><td><\/td><td><\/td><\/tr><tr><td>14:00<\/td><td>West-Sahel: Senegal, Gambia, Mauritani\u00eb, Mali, Burkina Faso, Niger, Nigeria, Tsjaad,<\/td><td><\/td><td><\/td><\/tr><tr><td>15:00<\/td><td>Congo, Zimbabwe, Z.Afrika<\/td><td><\/td><td><\/td><\/tr><tr><td>16:00<\/td><td>Brazilie,  Amazone, Rasta-reggae<\/td><td><\/td><td><\/td><\/tr><tr><td>17:00<\/td><td>Mexico, Honduras<\/td><td><\/td><td><\/td><\/tr><tr><td>18:00<\/td><td>Cuba<\/td><td><\/td><td><\/td><\/tr><tr><td>19:00<\/td><td>Nicaragua<\/td><td><\/td><td><\/td><\/tr><tr><td>20:00<\/td><td>Venezuela<\/td><td><\/td><td><\/td><\/tr><tr><td>21:00<\/td><td>Colombia<\/td><td><\/td><td><\/td><\/tr><tr><td>22:00<\/td><td>Bolivia. Peru<\/td><td><\/td><td><\/td><\/tr><tr><td>23:00<\/td><td>Chili<\/td><td><\/td><td><\/td><\/tr><tr><td>24:00<\/td><td>Latijns Amerika overig<\/td><td><\/td><td><\/td><\/tr><tr><td>01:00<\/td><td>Latijns Amerika overig<\/td><td><\/td><td><\/td><\/tr><tr><td>02:00<\/td><td>South-Pacific<\/td><td><\/td><td><\/td><\/tr><tr><td>03:00<\/td><td>..<\/td><td><\/td><td><\/td><\/tr><tr><td>04:00<\/td><td>..<\/td><td><\/td><td><\/td><\/tr><\/tbody><\/table><\/figure>\n","protected":false},"excerpt":{"rendered":"<p>Niet-westerse wereldmuziek van oost naar west 5:00 Siberie, Noord-Pacific 6:00 China 7:00 Zuidoost Azie: Vietnam, Laos, Cambodja, Indonesie 8:00 Mianmar, Mongolie, &#8230; 9:00 Rusland, Belarus, Kazachstan, Donbass 10:00 Palestina 11:00 Middenoosten: Irak, Syrie, Libanon, 12:00 Noord Afrika: Egypte, Libie, Tunesie, Algerije, Marokko 13:00 Oost-Sahel: Somali\u00eb, Ethiopi\u00eb, Eritrea, Soedan, 14:00 West-Sahel: Senegal, Gambia, Mauritani\u00eb, Mali, Burkina &hellip; <\/p>\n<p class=\"link-more\"><a href=\"http:\/\/wereldwind.nl\/?page_id=204\" class=\"more-link\">Continue reading<span class=\"screen-reader-text\"> &#8220;Dagelijks muziek programma&#8221;<\/span><\/a><\/p>\n","protected":false},"author":1,"featured_media":0,"parent":0,"menu_order":0,"comment_status":"closed","ping_status":"closed","template":"","meta":{"footnotes":""},"class_list":["post-204","page","type-page","status-publish","hentry"],"_links":{"self":[{"href":"http:\/\/wereldwind.nl\/index.php?rest_route=\/wp\/v2\/pages\/204","targetHints":{"allow":["GET"]}}],"collection":[{"href":"http:\/\/wereldwind.nl\/index.php?rest_route=\/wp\/v2\/pages"}],"about":[{"href":"http:\/\/wereldwind.nl\/index.php?rest_route=\/wp\/v2\/types\/page"}],"author":[{"embeddable":true,"href":"http:\/\/wereldwind.nl\/index.php?rest_route=\/wp\/v2\/users\/1"}],"replies":[{"embeddable":true,"href":"http:\/\/wereldwind.nl\/index.php?rest_route=%2Fwp%2Fv2%2Fcomments&post=204"}],"version-history":[{"count":13,"href":"http:\/\/wereldwind.nl\/index.php?rest_route=\/wp\/v2\/pages\/204\/revisions"}],"predecessor-version":[{"id":231,"href":"http:\/\/wereldwind.nl\/index.php?rest_route=\/wp\/v2\/pages\/204\/revisions\/231"}],"wp:attachment":[{"href":"http:\/\/wereldwind.nl\/index.php?rest_route=%2Fwp%2Fv2%2Fmedia&parent=204"}],"curies":[{"name":"wp","href":"https:\/\/api.w.org\/{rel}","templated":true}]}}